{"id":1026,"date":"2025-04-16T11:09:46","date_gmt":"2025-04-16T09:09:46","guid":{"rendered":"https:\/\/www.h2x-ecosystems.com\/?page_id=1026"},"modified":"2025-07-15T15:37:49","modified_gmt":"2025-07-15T13:37:49","slug":"politique-confidentialite","status":"publish","type":"page","link":"https:\/\/www.h2x-ecosystems.com\/?page_id=1026","title":{"rendered":"Politique de confidentialit\u00e9"},"content":{"rendered":"\t\t<div data-elementor-type=\"wp-page\" data-elementor-id=\"1026\" class=\"elementor elementor-1026\" data-elementor-post-type=\"page\">\n\t\t\t\t<div class=\"elementor-element elementor-element-2eeb4f7 e-con-full e-flex e-con e-parent\" data-id=\"2eeb4f7\" data-element_type=\"container\" data-e-type=\"container\" data-settings=\"{&quot;background_background&quot;:&quot;classic&quot;}\">\n\t\t\t\t<div class=\"elementor-element elementor-element-a58e57e elementor-widget__width-inherit elementor-widget elementor-widget-heading\" data-id=\"a58e57e\" data-element_type=\"widget\" data-e-type=\"widget\" data-widget_type=\"heading.default\">\n\t\t\t\t<div class=\"elementor-widget-container\">\n\t\t\t\t\t<h2 class=\"elementor-heading-title elementor-size-default\">Politique de confidentialit\u00e9<\/h2>\t\t\t\t<\/div>\n\t\t\t\t<\/div>\n\t\t\t\t<\/div>\n\t\t<div class=\"elementor-element elementor-element-f4d67b5 e-con-full e-flex e-con e-parent\" data-id=\"f4d67b5\" data-element_type=\"container\" data-e-type=\"container\">\n\t\t\t\t<div class=\"elementor-element elementor-element-a152dc7 elementor-widget elementor-widget-text-editor\" data-id=\"a152dc7\" data-element_type=\"widget\" data-e-type=\"widget\" data-widget_type=\"text-editor.default\">\n\t\t\t\t<div class=\"elementor-widget-container\">\n\t\t\t\t\t\t\t\t\t<p>Nous vous remercions de prendre un moment pour lire avec attention les diff\u00e9rentes conditions d\u2019utilisation du pr\u00e9sent site Internet, avant de parcourir ses pages.<\/p><p><strong><u>En vous connectant sur ce site, vous acceptez sans r\u00e9serves les pr\u00e9sentes modalit\u00e9s.<\/u><\/strong><\/p><p>Conform\u00e9ment \u00e0 l\u2019article n\u00b06 de la Loi n\u00b02004-575 du 21 Juin 2004 pour la confiance dans l\u2019\u00e9conomie num\u00e9rique, les responsables du pr\u00e9sent site internet\u00a0<a href=\"http:\/\/https\/www.h2x-ecosystems.com\/\">https:\/\/www.h2x-ecosystems.com\/<\/a>\u00a0sont :<\/p><p><strong>Editeur du Site :<\/strong><\/p><p>H2X-ECOSYSTEMS<br \/>SIRET : 88065375300041<br \/>Responsable \u00e9ditorial : H2X-ECOSYSTEMS<br \/>Adresse : B\u00e2timent High Park 2, 20 rue Louis Bl\u00e9riot, 35170 BRUZ, Bretagne, FR<br \/>Site Internet : <a href=\"http:\/\/https\/www.h2x-ecosystems.com\/\">https:\/\/www.h2x-ecosystems.com\/<\/a><\/p><p><strong>H\u00e9bergeur du site :<\/strong><\/p><p>Soci\u00e9t\u00e9 : OVH<br \/>Site Internet : <a href=\"https:\/\/www.ovhcloud.com\">https:\/\/www.ovhcloud.com<\/a><\/p><p>Conditions d\u2019utilisation :<\/p><p>Le site\u00a0<a href=\"http:\/\/https\/www.h2x-ecosystems.com\/\">https:\/\/www.h2x-ecosystems.com\/<\/a> utilise diff\u00e9rents langages de programmation web (HTML, HTML5, Javascript, CSS, PHP, etc\u2026) afin de vous offrir le meilleur confort d\u2019utilisation et un graphisme agr\u00e9able. Nous vous recommandons d\u2019utiliser \u00e0 un navigateur Internet moderne et \u00e0 jours tel que Microsoft EDGE, Safari, Firefox, Google Chrome, Op\u00e9ra, etc<\/p><p>Notre soci\u00e9t\u00e9 H2X-ECOSYSTEMS<strong>\u00a0<\/strong>met en \u0153uvre tous les moyens dont elle dispose, pour assurer une information fiable et une mise \u00e0 jour fiable de ses sites internet. Toutefois, des erreurs ou omissions peuvent survenir. L\u2019internaute devra donc s\u2019assurer de l\u2019exactitude des informations aupr\u00e8s d\u2019H2X-ECOSYSTEMS, et signaler toutes modifications du site qu\u2019il jugerait utile. H2X-ECOSYSTEMS n\u2019est en aucun cas responsable de l\u2019utilisation faite de ces informations, et de tout pr\u00e9judice direct ou indirect pouvant en d\u00e9couler.<\/p><p><strong>Cookies <\/strong>:<\/p><p>Le site\u00a0<a href=\"http:\/\/https\/www.h2x-ecosystems.com\/\">https:\/\/www.h2x-ecosystems.com\/<\/a> peut-\u00eatre amen\u00e9 \u00e0 vous demander l\u2019acceptation de cookies pour des besoins de statistiques et d\u2019affichage. Un cookie est une information d\u00e9pos\u00e9e sur votre disque dur par le serveur du site que vous visitez. Il contient plusieurs donn\u00e9es qui sont stock\u00e9es sur votre ordinateur dans un simple fichier texte auquel un serveur acc\u00e8de pour lire et enregistrer des informations. Certaines parties de ce site ne peuvent \u00eatre fonctionnelles sans l\u2019acceptation de cookies.<\/p><p><strong>Liens hypertextes :<\/strong><\/p><p>Les sites internet de peuvent offrir des liens vers d\u2019autres sites internet ou d\u2019autres ressources disponibles sur Internet. H2X-ECOSYSTEMS ne dispose d\u2019aucun moyen pour contr\u00f4ler les sites en connexion avec ses sites internet, ne r\u00e9pond pas de la disponibilit\u00e9 de tels sites et sources externes, ni ne la garantit. Elle ne peut \u00eatre tenue pour responsable de tout dommage, de quelque nature que ce soit, r\u00e9sultant du contenu de ces sites ou sources externes, et notamment des informations, produits ou services qu\u2019ils proposent, ou de tout usage qui peut \u00eatre fait de ces \u00e9l\u00e9ments. Les risques li\u00e9s \u00e0 cette utilisation incombent pleinement \u00e0 l\u2019internaute, qui doit se conformer \u00e0 leurs conditions d\u2019utilisation.<\/p><p>Les utilisateurs, les abonn\u00e9s et les visiteurs des sites internet de ne peuvent mettre en place un hyperlien en direction de ce site sans l\u2019autorisation expresse et pr\u00e9alable de H2X-ECOSYSTEMS.<\/p><p>Dans l\u2019hypoth\u00e8se o\u00f9 un utilisateur ou visiteur souhaiterait mettre en place un hyperlien en direction d\u2019un des sites internet de H2X-ECOSYSTEMS, il lui appartiendra d\u2019adresser un email accessible sur le site afin de formuler sa demande de mise en place d\u2019un hyperlien. H2X -ECOSYSTEMS se r\u00e9serve le droit d\u2019accepter ou de refuser un hyperlien sans avoir \u00e0 en justifier sa d\u00e9cision.<\/p><p><strong>Traitement des donn\u00e9es personnelles ; Finalit\u00e9s et bases juridiques<\/strong><\/p><p>Les donn\u00e9es \u00e0 caract\u00e8re personnel d\u00e9signent toutes les informations relatives \u00e0 une personne physique identifi\u00e9e ou identifiable (ci-apr\u00e8s d\u00e9nomm\u00e9e \u00ab personne concern\u00e9e \u00bb). Quelles donn\u00e9es personnelles sont collect\u00e9es et pour quelles raisons et sur quelles bases juridiques traitons nous vos donn\u00e9es personnelles ?<\/p><p>Pour communiquer avec vous sur la base de votre message \u00e0 la suite du formulaire de contact que vous avez rempli sur notre site Web <a href=\"http:\/\/www.h2x-ecosystems.com\">www.h2x-ecosystems.com<\/a> nous pouvons traiter des donn\u00e9es personnelles telles que votre civilit\u00e9, votre nom, votre pr\u00e9nom, votre t\u00e9l\u00e9phone et votre adresse e-mail.<\/p><p>Votre contact peut faire r\u00e9f\u00e9rence \u00e0 une relation d\u2019affaires (potentielle) que vous entretenez avec H2X-ECOSYSTEMS, sur la base de laquelle le traitement de ces donn\u00e9es personnelles est n\u00e9cessaire \u00e0 l\u2019ex\u00e9cution d\u2019un contrat auquel vous \u00eates partie ou afin de prendre des mesures \u00e0 votre demande avant de conclure un contrat. En outre, ces donn\u00e9es personnelles peuvent \u00eatre trait\u00e9es sur la base de votre consentement ou sur la base de l\u2019int\u00e9r\u00eat l\u00e9gitime de H2X-ECOSYSTEMS.<\/p><p>Pour la gestion technique et fonctionnelle du site Web afin de garantir que le site Web vous offre une exp\u00e9rience utilisateur optimale, nous pouvons traiter des donn\u00e9es personnelles telles que votre adresse IP, les pages que vous visitez, le navigateur Internet que vous utilisez, le type d\u2019appareil, des donn\u00e9es g\u00e9ographiques (telles que votre localisation), des informations sur vos activit\u00e9s sur notre site Web, votre langue pr\u00e9f\u00e9r\u00e9e ainsi que l\u2019heure et la dur\u00e9e de votre visite. Pour ce faire, nous utilisons des cookies. Pour plus de d\u00e9tails, consultez la politique de H2X-ECOSYSTEMS en mati\u00e8re de cookies.<\/p><p>Les mesures de s\u00e9curit\u00e9 de notre entreprise sont continuellement am\u00e9lior\u00e9es en fonction de l\u2019\u00e9volution technologique. Ces donn\u00e9es personnelles sont trait\u00e9es sur la base de votre consentement ou sur la base de l\u2019int\u00e9r\u00eat l\u00e9gitime de H2X-ECOSYSTEMS, dans quel contexte vos propres int\u00e9r\u00eats ne l\u2019emportent pas sur les int\u00e9r\u00eats du traitement de ces informations, pour am\u00e9liorer son site web et le prot\u00e9ger contre les cyberattaques ou autres actes illicites.<\/p><p>Vos donn\u00e9es personnelles ne seront pas utilis\u00e9es \u00e0 d\u2019autres fins que celles pour lesquelles vous nous avez initialement fourni ces informations, \u00e0 moins que vous n\u2019ayez donn\u00e9 votre consentement explicite ou qu\u2019une telle utilisation soit n\u00e9cessaire pour que H2X-ECOSYSTEMS se conforme aux obligations l\u00e9gales.<\/p><p>Si les donn\u00e9es susmentionn\u00e9es sont utilis\u00e9es \u00e0 des fins autres que la finalit\u00e9 initiale de la collecte, vous en serez inform\u00e9 avant que les donn\u00e9es ne soient transf\u00e9r\u00e9es ult\u00e9rieurement. Vous avez la possibilit\u00e9 de vous opposer au traitement de vos donn\u00e9es \u00e0 d\u2019autres fins.<\/p><p><strong>Transfert de donn\u00e9es :<\/strong><\/p><p>Toutes les donn\u00e9es que vous nous transmettez resteront confidentielles. Nous ne vendrons pas ou ne commercialiserons pas vos donn\u00e9es personnelles \u00e0 des tiers.<\/p><p>En r\u00e8gle g\u00e9n\u00e9rale, vos donn\u00e9es ne seront pas mises \u00e0 la disposition de tiers \u00e0 moins que vous n\u2019ayez donn\u00e9 votre consentement \u00e0 cet effet ou que nous ne soyons l\u00e9galement autoris\u00e9s et\/ou oblig\u00e9s de transf\u00e9rer ces donn\u00e9es.<\/p><p>Si la loi le permet et si cela est n\u00e9cessaire pour se conformer \u00e0 la loi applicable ou pour faire valoir, exercer ou d\u00e9fendre des droits en justice, nous transmettrons les donn\u00e9es personnelles aux tribunaux, aux autorit\u00e9s fiscales et aux autorit\u00e9s de surveillance. Nous prenons toutes les mesures pour vous assurer les garanties appropri\u00e9es et appropri\u00e9es \u00e0 la protection de vos donn\u00e9es personnelles.<\/p><p>Nous transmettons vos donn\u00e9es personnelles au bureau interne comp\u00e9tent de notre entreprise aux fins susmentionn\u00e9es. Les prestataires de services techniques disposeront d\u2019un acc\u00e8s administratif dans le cadre du traitement des donn\u00e9es \u00e0 des fins de correction d\u2019erreurs ou de mise en \u0153uvre de mesures de s\u00e9curit\u00e9.<\/p><p><strong>Propri\u00e9t\u00e9 intellectuelle :<\/strong><\/p><p>Tout le contenu du pr\u00e9sent sur le site\u00a0<a href=\"http:\/\/https\/www.h2x-ecosystems.com\/\">https:\/\/www.h2x-ecosystems.com\/<\/a>, incluant, de fa\u00e7on non limitative, les graphismes, images, textes, vid\u00e9os, animations, sons, logos, gifs et ic\u00f4nes ainsi que leur mise en forme sont la propri\u00e9t\u00e9 exclusive de la soci\u00e9t\u00e9 \u00e0 l\u2019exception des marques, logos ou contenus appartenant \u00e0 d\u2019autres soci\u00e9t\u00e9s partenaires ou auteurs.<\/p><p>Toute reproduction, distribution, modification, adaptation, retransmission ou publication, m\u00eame partielle, de ces diff\u00e9rents \u00e9l\u00e9ments est strictement interdite sans l\u2019accord expr\u00e8s par \u00e9crit de H2X ECOSYSTEMS. Cette repr\u00e9sentation ou reproduction, par quelque proc\u00e9d\u00e9 que ce soit, constitue une contrefa\u00e7on sanctionn\u00e9e par les articles L.335-2 et suivants du Code de la propri\u00e9t\u00e9 intellectuelle. Le non-respect de cette interdiction constitue une contrefa\u00e7on pouvant engager la responsabilit\u00e9 civile et p\u00e9nale du contrefacteur. En outre, les propri\u00e9taires des Contenus copi\u00e9s pourraient intenter une action en justice \u00e0 votre encontre.<\/p><p><strong>D\u00e9claration \u00e0 la CNIL :<\/strong><\/p><p>Conform\u00e9ment \u00e0 la loi 78-17 du 6 janvier 1978 (modifi\u00e9e par la loi 2004-801 du 6 ao\u00fbt 2004 relative \u00e0 la protection des personnes physiques \u00e0 l\u2019\u00e9gard des traitements de donn\u00e9es \u00e0 caract\u00e8re personnel) relative \u00e0 l\u2019informatique, aux fichiers et aux libert\u00e9s, ce site a fait l\u2019objet d\u2019une d\u00e9claration aupr\u00e8s de la Commission nationale de l\u2019informatique et des libert\u00e9s (<a href=\"http:\/\/www.cnil.fr\/\">www.cnil.fr<\/a>).<\/p><p><strong>Litiges :<\/strong><\/p><p>Les pr\u00e9sentes conditions du site\u00a0<a href=\"http:\/\/https\/www.h2x-ecosystems.com\/\">https:\/\/www.h2x-ecosystems.com\/<\/a>\u00a0sont r\u00e9gies par les lois fran\u00e7aises et toute contestation ou litiges qui pourraient na\u00eetre de l\u2019interpr\u00e9tation ou de l\u2019ex\u00e9cution de celles-ci seront de la comp\u00e9tence exclusive des tribunaux dont d\u00e9pend le si\u00e8ge social de la soci\u00e9t\u00e9. La langue de r\u00e9f\u00e9rence, pour le r\u00e8glement de contentieux \u00e9ventuels, est le fran\u00e7ais.<\/p><p><strong>Donn\u00e9es personnelles :<\/strong><\/p><p>De mani\u00e8re g\u00e9n\u00e9rale, vous n\u2019\u00eates pas tenu de nous communiquer vos donn\u00e9es personnelles lorsque vous visitez notre site Internet\u00a0<a href=\"http:\/\/https\/www.h2x-ecosystems.com\/\">https:\/\/www.h2x-ecosystems.com\/<\/a>.<\/p><p>Cependant, ce principe comporte certaines exceptions. En effet, pour certains services propos\u00e9s par notre site, vous pouvez \u00eatre amen\u00e9s \u00e0 nous communiquer certaines donn\u00e9es telles que : votre nom, votre fonction, le nom de votre soci\u00e9t\u00e9, votre adresse \u00e9lectronique, et votre num\u00e9ro de t\u00e9l\u00e9phone. Tel est le cas lorsque vous remplissez le formulaire qui vous est propos\u00e9 en ligne, dans la rubrique \u00ab contact \u00bb. Dans tous les cas, vous pouvez refuser de fournir vos donn\u00e9es personnelles. Dans ce cas, vous ne pourrez pas utiliser les services du site, notamment celui de solliciter des renseignements sur notre soci\u00e9t\u00e9, ou de recevoir les lettres d\u2019information.<\/p><p>Enfin, nous pouvons collecter de mani\u00e8re automatique certaines informations vous concernant lors d\u2019une simple navigation sur notre site Internet, notamment : des informations concernant l\u2019utilisation de notre site, comme les zones que vous visitez et les services auxquels vous acc\u00e9dez, votre adresse IP, le type de votre navigateur, vos temps d\u2019acc\u00e8s. De telles informations sont utilis\u00e9es exclusivement \u00e0 des fins de statistiques internes, de mani\u00e8re \u00e0 am\u00e9liorer la qualit\u00e9 des services qui vous sont propos\u00e9s. Les bases de donn\u00e9es sont prot\u00e9g\u00e9es par les dispositions de la loi du 1er juillet 1998 transposant la directive 96\/9 du 11 mars 1996 relative \u00e0 la protection juridique des bases de donn\u00e9es.<\/p>\t\t\t\t\t\t\t\t<\/div>\n\t\t\t\t<\/div>\n\t\t\t\t<\/div>\n\t\t<div class=\"elementor-element elementor-element-6ed8687 e-con-full e-flex e-con e-parent\" data-id=\"6ed8687\" data-element_type=\"container\" data-e-type=\"container\" data-settings=\"{&quot;background_background&quot;:&quot;classic&quot;}\">\n\t\t<div class=\"elementor-element elementor-element-6905b9a e-grid e-con-full e-con e-child\" data-id=\"6905b9a\" data-element_type=\"container\" data-e-type=\"container\" data-settings=\"{&quot;background_background&quot;:&quot;classic&quot;}\">\n\t\t\t\t<div class=\"elementor-element elementor-element-c293f38 elementor-widget elementor-widget-heading\" data-id=\"c293f38\" data-element_type=\"widget\" data-e-type=\"widget\" data-widget_type=\"heading.default\">\n\t\t\t\t<div class=\"elementor-widget-container\">\n\t\t\t\t\t<h2 class=\"elementor-heading-title elementor-size-default\">Ajoutez votre titre ici<\/h2>\t\t\t\t<\/div>\n\t\t\t\t<\/div>\n\t\t\t\t<\/div>\n\t\t\t\t<\/div>\n\t\t\t\t<\/div>\n\t\t","protected":false},"excerpt":{"rendered":"<p>Politique de confidentialit\u00e9 Nous vous remercions de prendre un moment pour lire avec attention les diff\u00e9rentes conditions d\u2019utilisation du pr\u00e9sent [&hellip;]<\/p>\n","protected":false},"author":1,"featured_media":0,"parent":0,"menu_order":0,"comment_status":"closed","ping_status":"closed","template":"","meta":{"site-sidebar-layout":"no-sidebar","site-content-layout":"","ast-site-content-layout":"full-width-container","site-content-style":"default","site-sidebar-style":"default","ast-global-header-display":"","ast-banner-title-visibility":"","ast-main-header-display":"","ast-hfb-above-header-display":"","ast-hfb-below-header-display":"","ast-hfb-mobile-header-display":"","site-post-title":"disabled","ast-breadcrumbs-content":"","ast-featured-img":"disabled","footer-sml-layout":"","ast-disable-related-posts":"","theme-transparent-header-meta":"","adv-header-id-meta":"","stick-header-meta":"","header-above-stick-meta":"","header-main-stick-meta":"","header-below-stick-meta":"","astra-migrate-meta-layouts":"default","ast-page-background-enabled":"default","ast-page-background-meta":{"desktop":{"background-color":"var(--ast-global-color-5)","background-image":"","background-repeat":"repeat","background-position":"center center","background-size":"auto","background-attachment":"scroll","background-type":"","background-media":"","overlay-type":"","overlay-color":"","overlay-opacity":"","overlay-gradient":""},"tablet":{"background-color":"","background-image":"","background-repeat":"repeat","background-position":"center center","background-size":"auto","background-attachment":"scroll","background-type":"","background-media":"","overlay-type":"","overlay-color":"","overlay-opacity":"","overlay-gradient":""},"mobile":{"background-color":"","background-image":"","background-repeat":"repeat","background-position":"center center","background-size":"auto","background-attachment":"scroll","background-type":"","background-media":"","overlay-type":"","overlay-color":"","overlay-opacity":"","overlay-gradient":""}},"ast-content-background-meta":{"desktop":{"background-color":"var(--ast-global-color-4)","background-image":"","background-repeat":"repeat","background-position":"center center","background-size":"auto","background-attachment":"scroll","background-type":"","background-media":"","overlay-type":"","overlay-color":"","overlay-opacity":"","overlay-gradient":""},"tablet":{"background-color":"var(--ast-global-color-4)","background-image":"","background-repeat":"repeat","background-position":"center center","background-size":"auto","background-attachment":"scroll","background-type":"","background-media":"","overlay-type":"","overlay-color":"","overlay-opacity":"","overlay-gradient":""},"mobile":{"background-color":"var(--ast-global-color-4)","background-image":"","background-repeat":"repeat","background-position":"center center","background-size":"auto","background-attachment":"scroll","background-type":"","background-media":"","overlay-type":"","overlay-color":"","overlay-opacity":"","overlay-gradient":""}},"footnotes":""},"class_list":["post-1026","page","type-page","status-publish","hentry"],"_links":{"self":[{"href":"https:\/\/www.h2x-ecosystems.com\/index.php?rest_route=\/wp\/v2\/pages\/1026","targetHints":{"allow":["GET"]}}],"collection":[{"href":"https:\/\/www.h2x-ecosystems.com\/index.php?rest_route=\/wp\/v2\/pages"}],"about":[{"href":"https:\/\/www.h2x-ecosystems.com\/index.php?rest_route=\/wp\/v2\/types\/page"}],"author":[{"embeddable":true,"href":"https:\/\/www.h2x-ecosystems.com\/index.php?rest_route=\/wp\/v2\/users\/1"}],"replies":[{"embeddable":true,"href":"https:\/\/www.h2x-ecosystems.com\/index.php?rest_route=%2Fwp%2Fv2%2Fcomments&post=1026"}],"version-history":[{"count":51,"href":"https:\/\/www.h2x-ecosystems.com\/index.php?rest_route=\/wp\/v2\/pages\/1026\/revisions"}],"predecessor-version":[{"id":4198,"href":"https:\/\/www.h2x-ecosystems.com\/index.php?rest_route=\/wp\/v2\/pages\/1026\/revisions\/4198"}],"wp:attachment":[{"href":"https:\/\/www.h2x-ecosystems.com\/index.php?rest_route=%2Fwp%2Fv2%2Fmedia&parent=1026"}],"curies":[{"name":"wp","href":"https:\/\/api.w.org\/{rel}","templated":true}]}}