{"id":1047,"date":"2025-04-16T11:35:42","date_gmt":"2025-04-16T09:35:42","guid":{"rendered":"https:\/\/www.h2x-ecosystems.com\/?page_id=1047"},"modified":"2025-08-04T08:21:33","modified_gmt":"2025-08-04T06:21:33","slug":"redirection-afnor","status":"publish","type":"page","link":"https:\/\/www.h2x-ecosystems.com\/?page_id=1047","title":{"rendered":"H2X-Institute"},"content":{"rendered":"\t\t<div data-elementor-type=\"wp-page\" data-elementor-id=\"1047\" class=\"elementor elementor-1047\" data-elementor-post-type=\"page\">\n\t\t\t\t<div class=\"elementor-element elementor-element-2101be1 e-grid e-con-boxed e-con e-parent\" data-id=\"2101be1\" data-element_type=\"container\" data-e-type=\"container\" data-settings=\"{&quot;background_background&quot;:&quot;classic&quot;}\">\n\t\t\t\t\t<div class=\"e-con-inner\">\n\t\t\t\t<div class=\"elementor-element elementor-element-c89ba34 elementor-widget__width-auto elementor-widget elementor-widget-image\" data-id=\"c89ba34\" data-element_type=\"widget\" data-e-type=\"widget\" data-widget_type=\"image.default\">\n\t\t\t\t<div class=\"elementor-widget-container\">\n\t\t\t\t\t\t\t\t\t\t\t\t\t\t\t<img decoding=\"async\" src=\"https:\/\/www.h2x-ecosystems.com\/wp-content\/uploads\/2025\/07\/h2x-institute.png\" title=\"h2x institute\" alt=\"h2x institute\" loading=\"lazy\" \/>\t\t\t\t\t\t\t\t\t\t\t\t\t\t\t<\/div>\n\t\t\t\t<\/div>\n\t\t\t\t<div class=\"elementor-element elementor-element-757956f elementor-widget elementor-widget-image\" data-id=\"757956f\" data-element_type=\"widget\" data-e-type=\"widget\" data-widget_type=\"image.default\">\n\t\t\t\t<div class=\"elementor-widget-container\">\n\t\t\t\t\t\t\t\t\t\t\t\t\t\t\t<img fetchpriority=\"high\" decoding=\"async\" width=\"1000\" height=\"506\" src=\"https:\/\/www.h2x-ecosystems.com\/wp-content\/uploads\/2025\/04\/afnor-logo.png\" class=\"attachment-large size-large wp-image-1684\" alt=\"\" srcset=\"https:\/\/www.h2x-ecosystems.com\/wp-content\/uploads\/2025\/04\/afnor-logo.png 1000w, https:\/\/www.h2x-ecosystems.com\/wp-content\/uploads\/2025\/04\/afnor-logo-300x152.png 300w, https:\/\/www.h2x-ecosystems.com\/wp-content\/uploads\/2025\/04\/afnor-logo-768x389.png 768w\" sizes=\"(max-width: 1000px) 100vw, 1000px\" \/>\t\t\t\t\t\t\t\t\t\t\t\t\t\t\t<\/div>\n\t\t\t\t<\/div>\n\t\t\t\t\t<\/div>\n\t\t\t\t<\/div>\n\t\t<div class=\"elementor-element elementor-element-6de6ead e-con-full e-flex e-con e-parent\" data-id=\"6de6ead\" data-element_type=\"container\" data-e-type=\"container\">\n\t\t\t\t<div class=\"elementor-element elementor-element-d8019aa elementor-widget elementor-widget-text-editor\" data-id=\"d8019aa\" data-element_type=\"widget\" data-e-type=\"widget\" data-widget_type=\"text-editor.default\">\n\t\t\t\t<div class=\"elementor-widget-container\">\n\t\t\t\t\t\t\t\t\t<p>Pourquoi collaborer avec l&rsquo;AFNOR Comp\u00e9tences ?<\/p>\t\t\t\t\t\t\t\t<\/div>\n\t\t\t\t<\/div>\n\t\t\t\t<div class=\"elementor-element elementor-element-94d6ecf elementor-widget elementor-widget-text-editor\" data-id=\"94d6ecf\" data-element_type=\"widget\" data-e-type=\"widget\" data-widget_type=\"text-editor.default\">\n\t\t\t\t<div class=\"elementor-widget-container\">\n\t\t\t\t\t\t\t\t\t<p><span data-teams=\"true\">H2X-ECOSYSTEMS a particip\u00e9 au groupe de r\u00e9flexion et d&rsquo;\u00e9criture de la norme <a href=\"https:\/\/www.boutique.afnor.org\/fr-fr\/norme\/afnor-spec-m58007\/ecosysteme-symbiotique-a-base-dhydrogene-renouvelable-et-bascarbone-pour-le\/fa203606\/319487?pk_source=bing-ads&amp;pk_medium=cpc&amp;pk_campaign=[DSA]%20Acquisition&amp;msclkid=1a2b40dab8fa19cea9ff28bc9f23bf3d&amp;utm_source=bing&amp;utm_medium=cpc&amp;utm_campaign=%5BDSA%5D%20Acquisition&amp;utm_term=%2Fnorme%2F&amp;utm_content=Normes\"><strong>AFNOR SPEC M58-007 <\/strong><\/a>pour la mise en \u0153uvre d&rsquo;\u00e9cosyst\u00e8mes symbiotiques. <\/span><\/p><p><span data-teams=\"true\">Forte de cette exp\u00e9rience, de son expertise\u00a0 de\u00a0 la chaine de valeur de l&rsquo;hydrog\u00e8ne et\u00a0 de la ma\u00eetrise du march\u00e9 de l&rsquo;\u00e9nergie, <\/span><span data-teams=\"true\">H2X-ECOSYSTEMS est naturellement devenue actrice de la formation dans la fili\u00e8re hydrog\u00e8ne.<\/span><\/p><p><span data-teams=\"true\">Par cons\u00e9quent, H2X-ECOSYSTEMS est mandat\u00e9e par AFNOR Comp\u00e9tences dans le cadre de son cursus hydrog\u00e8ne. C&rsquo;est pourquoi, trois formations sont propos\u00e9es \u00e0 destination des professionnels de tout secteur d&rsquo;activit\u00e9 engag\u00e9s dans une d\u00e9marche de r\u00e9flexion \u00e9nerg\u00e9tique.<\/span><\/p>\t\t\t\t\t\t\t\t<\/div>\n\t\t\t\t<\/div>\n\t\t\t\t<\/div>\n\t\t<div class=\"elementor-element elementor-element-efa2c78 e-con-full e-flex e-con e-parent\" data-id=\"efa2c78\" data-element_type=\"container\" data-e-type=\"container\">\n\t\t\t\t<div class=\"elementor-element elementor-element-2b68b2b elementor-hidden-tablet elementor-widget elementor-widget-text-editor\" data-id=\"2b68b2b\" data-element_type=\"widget\" data-e-type=\"widget\" data-widget_type=\"text-editor.default\">\n\t\t\t\t<div class=\"elementor-widget-container\">\n\t\t\t\t\t\t\t\t\t<p>L&rsquo;offre de formation AFNOR COMP\u00c9TENCES\/H2X-ECOSYSTEMS<\/p>\t\t\t\t\t\t\t\t<\/div>\n\t\t\t\t<\/div>\n\t\t\t\t<\/div>\n\t\t<div class=\"elementor-element elementor-element-450eab8 e-con-full e-flex e-con e-parent\" data-id=\"450eab8\" data-element_type=\"container\" data-e-type=\"container\">\n\t\t\t\t<div class=\"elementor-element elementor-element-e84793d elementor-button-info elementor-align-center elementor-widget elementor-widget-button\" data-id=\"e84793d\" data-element_type=\"widget\" data-e-type=\"widget\" data-widget_type=\"button.default\">\n\t\t\t\t<div class=\"elementor-widget-container\">\n\t\t\t\t\t\t\t\t\t<div class=\"elementor-button-wrapper\">\n\t\t\t\t\t<a class=\"elementor-button elementor-button-link elementor-size-sm\" href=\"https:\/\/competences.afnor.org\/formations\/chaine-de-valeur-de-lhydrogene-principes-usages-developpements-techniques\" target=\"_blank\">\n\t\t\t\t\t\t<span class=\"elementor-button-content-wrapper\">\n\t\t\t\t\t\t\t\t\t<span class=\"elementor-button-text\">Cha\u00eene de valeur de l'hydrog\u00e8ne<\/span>\n\t\t\t\t\t<\/span>\n\t\t\t\t\t<\/a>\n\t\t\t\t<\/div>\n\t\t\t\t\t\t\t\t<\/div>\n\t\t\t\t<\/div>\n\t\t\t\t<\/div>\n\t\t<div class=\"elementor-element elementor-element-d431b3d e-con-full e-flex e-con e-parent\" data-id=\"d431b3d\" data-element_type=\"container\" data-e-type=\"container\">\n\t\t\t\t<div class=\"elementor-element elementor-element-4a5d329 elementor-button-info elementor-align-center elementor-widget elementor-widget-button\" data-id=\"4a5d329\" data-element_type=\"widget\" data-e-type=\"widget\" data-widget_type=\"button.default\">\n\t\t\t\t<div class=\"elementor-widget-container\">\n\t\t\t\t\t\t\t\t\t<div class=\"elementor-button-wrapper\">\n\t\t\t\t\t<a class=\"elementor-button elementor-button-link elementor-size-sm\" href=\"https:\/\/competences.afnor.org\/formations\/hydrogene---les-nouveaux-modeles-decosysteme-energetique\" target=\"_blank\">\n\t\t\t\t\t\t<span class=\"elementor-button-content-wrapper\">\n\t\t\t\t\t\t\t\t\t<span class=\"elementor-button-text\">Hydrog\u00e8ne, les nouveaux mod\u00e8les \u00e9nerg\u00e9tiques<\/span>\n\t\t\t\t\t<\/span>\n\t\t\t\t\t<\/a>\n\t\t\t\t<\/div>\n\t\t\t\t\t\t\t\t<\/div>\n\t\t\t\t<\/div>\n\t\t\t\t<\/div>\n\t\t<div class=\"elementor-element elementor-element-ec0bf79 e-con-full e-flex e-con e-parent\" data-id=\"ec0bf79\" data-element_type=\"container\" data-e-type=\"container\">\n\t\t\t\t<div class=\"elementor-element elementor-element-eb2f21b elementor-button-info elementor-align-center elementor-widget elementor-widget-button\" data-id=\"eb2f21b\" data-element_type=\"widget\" data-e-type=\"widget\" data-widget_type=\"button.default\">\n\t\t\t\t<div class=\"elementor-widget-container\">\n\t\t\t\t\t\t\t\t\t<div class=\"elementor-button-wrapper\">\n\t\t\t\t\t<a class=\"elementor-button elementor-button-link elementor-size-sm\" href=\"https:\/\/competences.afnor.org\/formations\/developper-un-projet-dhydrogene-renouvelable-et-bas-carbone\" target=\"_blank\">\n\t\t\t\t\t\t<span class=\"elementor-button-content-wrapper\">\n\t\t\t\t\t\t\t\t\t<span class=\"elementor-button-text\">D\u00e9velopper un projet d'\u00e9cosyst\u00e8me d'hydrog\u00e8ne renouvelable et bas carbone<\/span>\n\t\t\t\t\t<\/span>\n\t\t\t\t\t<\/a>\n\t\t\t\t<\/div>\n\t\t\t\t\t\t\t\t<\/div>\n\t\t\t\t<\/div>\n\t\t\t\t<\/div>\n\t\t<div class=\"elementor-element elementor-element-5e3188b e-con-full e-flex e-con e-parent\" data-id=\"5e3188b\" data-element_type=\"container\" data-e-type=\"container\" data-settings=\"{&quot;background_background&quot;:&quot;classic&quot;}\">\n\t\t\t\t<\/div>\n\t\t\t\t<\/div>\n\t\t","protected":false},"excerpt":{"rendered":"<p>Pourquoi collaborer avec l&rsquo;AFNOR Comp\u00e9tences ? H2X-ECOSYSTEMS a particip\u00e9 au groupe de r\u00e9flexion et d&rsquo;\u00e9criture de la norme AFNOR SPEC [&hellip;]<\/p>\n","protected":false},"author":1,"featured_media":0,"parent":0,"menu_order":0,"comment_status":"closed","ping_status":"closed","template":"","meta":{"site-sidebar-layout":"no-sidebar","site-content-layout":"","ast-site-content-layout":"full-width-container","site-content-style":"default","site-sidebar-style":"default","ast-global-header-display":"","ast-banner-title-visibility":"","ast-main-header-display":"","ast-hfb-above-header-display":"","ast-hfb-below-header-display":"","ast-hfb-mobile-header-display":"","site-post-title":"disabled","ast-breadcrumbs-content":"","ast-featured-img":"disabled","footer-sml-layout":"","ast-disable-related-posts":"","theme-transparent-header-meta":"","adv-header-id-meta":"","stick-header-meta":"","header-above-stick-meta":"","header-main-stick-meta":"","header-below-stick-meta":"","astra-migrate-meta-layouts":"default","ast-page-background-enabled":"default","ast-page-background-meta":{"desktop":{"background-color":"var(--ast-global-color-5)","background-image":"","background-repeat":"repeat","background-position":"center center","background-size":"auto","background-attachment":"scroll","background-type":"","background-media":"","overlay-type":"","overlay-color":"","overlay-opacity":"","overlay-gradient":""},"tablet":{"background-color":"","background-image":"","background-repeat":"repeat","background-position":"center center","background-size":"auto","background-attachment":"scroll","background-type":"","background-media":"","overlay-type":"","overlay-color":"","overlay-opacity":"","overlay-gradient":""},"mobile":{"background-color":"","background-image":"","background-repeat":"repeat","background-position":"center center","background-size":"auto","background-attachment":"scroll","background-type":"","background-media":"","overlay-type":"","overlay-color":"","overlay-opacity":"","overlay-gradient":""}},"ast-content-background-meta":{"desktop":{"background-color":"var(--ast-global-color-4)","background-image":"","background-repeat":"repeat","background-position":"center center","background-size":"auto","background-attachment":"scroll","background-type":"","background-media":"","overlay-type":"","overlay-color":"","overlay-opacity":"","overlay-gradient":""},"tablet":{"background-color":"var(--ast-global-color-4)","background-image":"","background-repeat":"repeat","background-position":"center center","background-size":"auto","background-attachment":"scroll","background-type":"","background-media":"","overlay-type":"","overlay-color":"","overlay-opacity":"","overlay-gradient":""},"mobile":{"background-color":"var(--ast-global-color-4)","background-image":"","background-repeat":"repeat","background-position":"center center","background-size":"auto","background-attachment":"scroll","background-type":"","background-media":"","overlay-type":"","overlay-color":"","overlay-opacity":"","overlay-gradient":""}},"footnotes":""},"class_list":["post-1047","page","type-page","status-publish","hentry"],"_links":{"self":[{"href":"https:\/\/www.h2x-ecosystems.com\/index.php?rest_route=\/wp\/v2\/pages\/1047","targetHints":{"allow":["GET"]}}],"collection":[{"href":"https:\/\/www.h2x-ecosystems.com\/index.php?rest_route=\/wp\/v2\/pages"}],"about":[{"href":"https:\/\/www.h2x-ecosystems.com\/index.php?rest_route=\/wp\/v2\/types\/page"}],"author":[{"embeddable":true,"href":"https:\/\/www.h2x-ecosystems.com\/index.php?rest_route=\/wp\/v2\/users\/1"}],"replies":[{"embeddable":true,"href":"https:\/\/www.h2x-ecosystems.com\/index.php?rest_route=%2Fwp%2Fv2%2Fcomments&post=1047"}],"version-history":[{"count":104,"href":"https:\/\/www.h2x-ecosystems.com\/index.php?rest_route=\/wp\/v2\/pages\/1047\/revisions"}],"predecessor-version":[{"id":4439,"href":"https:\/\/www.h2x-ecosystems.com\/index.php?rest_route=\/wp\/v2\/pages\/1047\/revisions\/4439"}],"wp:attachment":[{"href":"https:\/\/www.h2x-ecosystems.com\/index.php?rest_route=%2Fwp%2Fv2%2Fmedia&parent=1047"}],"curies":[{"name":"wp","href":"https:\/\/api.w.org\/{rel}","templated":true}]}}