{"id":1832,"date":"2025-04-28T10:26:05","date_gmt":"2025-04-28T08:26:05","guid":{"rendered":"https:\/\/www.h2x-ecosystems.com\/?page_id=1832"},"modified":"2025-07-16T11:46:54","modified_gmt":"2025-07-16T09:46:54","slug":"diol","status":"publish","type":"page","link":"https:\/\/www.h2x-ecosystems.com\/?page_id=1832","title":{"rendered":"Diol"},"content":{"rendered":"\t\t<div data-elementor-type=\"wp-page\" data-elementor-id=\"1832\" class=\"elementor elementor-1832\" data-elementor-post-type=\"page\">\n\t\t\t\t<div class=\"elementor-element elementor-element-0614731 e-con-full e-flex e-con e-parent\" data-id=\"0614731\" data-element_type=\"container\" data-e-type=\"container\" data-settings=\"{&quot;background_background&quot;:&quot;classic&quot;}\">\n\t\t\t\t<div class=\"elementor-element elementor-element-df12b40 elementor-widget__width-inherit elementor-widget elementor-widget-heading\" data-id=\"df12b40\" data-element_type=\"widget\" data-e-type=\"widget\" data-widget_type=\"heading.default\">\n\t\t\t\t<div class=\"elementor-widget-container\">\n\t\t\t\t\t<h2 class=\"elementor-heading-title elementor-size-default\">DIOL<\/h2>\t\t\t\t<\/div>\n\t\t\t\t<\/div>\n\t\t\t\t<\/div>\n\t\t<div class=\"elementor-element elementor-element-e671ae9 e-flex e-con-boxed e-con e-parent\" data-id=\"e671ae9\" data-element_type=\"container\" data-e-type=\"container\">\n\t\t\t\t\t<div class=\"e-con-inner\">\n\t\t\t\t<div class=\"elementor-element elementor-element-7284d5c elementor-widget elementor-widget-image\" data-id=\"7284d5c\" data-element_type=\"widget\" data-e-type=\"widget\" data-widget_type=\"image.default\">\n\t\t\t\t<div class=\"elementor-widget-container\">\n\t\t\t\t\t\t\t\t\t\t\t\t\t\t\t<img fetchpriority=\"high\" decoding=\"async\" width=\"989\" height=\"400\" src=\"https:\/\/www.h2x-ecosystems.com\/wp-content\/uploads\/2025\/04\/interreg_north_sea_logo_2023.png\" class=\"attachment-full size-full wp-image-1828\" alt=\"\" srcset=\"https:\/\/www.h2x-ecosystems.com\/wp-content\/uploads\/2025\/04\/interreg_north_sea_logo_2023.png 989w, https:\/\/www.h2x-ecosystems.com\/wp-content\/uploads\/2025\/04\/interreg_north_sea_logo_2023-300x121.png 300w, https:\/\/www.h2x-ecosystems.com\/wp-content\/uploads\/2025\/04\/interreg_north_sea_logo_2023-768x311.png 768w\" sizes=\"(max-width: 989px) 100vw, 989px\" \/>\t\t\t\t\t\t\t\t\t\t\t\t\t\t\t<\/div>\n\t\t\t\t<\/div>\n\t\t\t\t\t<\/div>\n\t\t\t\t<\/div>\n\t\t<div class=\"elementor-element elementor-element-d5980e7 e-flex e-con-boxed e-con e-parent\" data-id=\"d5980e7\" data-element_type=\"container\" data-e-type=\"container\">\n\t\t\t\t\t<div class=\"e-con-inner\">\n\t\t\t\t<div class=\"elementor-element elementor-element-fb0c606 elementor-widget elementor-widget-text-editor\" data-id=\"fb0c606\" data-element_type=\"widget\" data-e-type=\"widget\" data-widget_type=\"text-editor.default\">\n\t\t\t\t<div class=\"elementor-widget-container\">\n\t\t\t\t\t\t\t\t\t<p>Diol est un \u00e9cosyst\u00e8me de surveillance et de maintenance des parcs \u00e9oliens ainsi que des zones portuaires.<\/p>\t\t\t\t\t\t\t\t<\/div>\n\t\t\t\t<\/div>\n\t\t\t\t\t<\/div>\n\t\t\t\t<\/div>\n\t\t<div class=\"elementor-element elementor-element-5d47993 e-flex e-con-boxed e-con e-parent\" data-id=\"5d47993\" data-element_type=\"container\" data-e-type=\"container\">\n\t\t\t\t\t<div class=\"e-con-inner\">\n\t\t\t\t<div class=\"elementor-element elementor-element-05c3c6c elementor-widget elementor-widget-text-editor\" data-id=\"05c3c6c\" data-element_type=\"widget\" data-e-type=\"widget\" data-widget_type=\"text-editor.default\">\n\t\t\t\t<div class=\"elementor-widget-container\">\n\t\t\t\t\t\t\t\t\t<p>Le projet vise \u00e0 am\u00e9liorer l\u2019efficacit\u00e9 et la durabilit\u00e9 du secteur offshore dans les domaines de l\u2019\u00e9nergie \u00e9olienne, du p\u00e9trole et du gaz offshore.<\/p><p><span style=\"text-decoration: underline;\"><strong>Ses points principaux sont :<\/strong><\/span><\/p><p><span style=\"font-size: 16px;\">Transport intelligent de drones offshore;<\/span><\/p><p>\u00c9nergies renouvelables pour l\u2019\u00e9quipement des hubs logistiques;<\/p><p>Utilisation intelligente de l\u2019espace a\u00e9rien avec ou sans pilote;<\/p><p>Gestion intelligente des donn\u00e9es environnementales dans les centres logistiques;<\/p><p>Adaptation des centres logistiques pour l\u2019approvisionnement des futurs \u00eelots \u00e9nerg\u00e9tiques;<\/p><p>Surveillance intelligente des centres logistiques\/infrastructures d\u2019\u00e9nergies renouvelables;<\/p><p>Stockage de carburants respectueux de l\u2019environnement dans les centres logistiques;<\/p><p>Stockage offshore pour \u00e9oliennes flottantes.<\/p>\t\t\t\t\t\t\t\t<\/div>\n\t\t\t\t<\/div>\n\t\t\t\t\t<\/div>\n\t\t\t\t<\/div>\n\t\t<div class=\"elementor-element elementor-element-563cd0b e-con-full e-flex e-con e-parent\" data-id=\"563cd0b\" data-element_type=\"container\" data-e-type=\"container\" data-settings=\"{&quot;background_background&quot;:&quot;classic&quot;}\">\n\t\t\t\t<\/div>\n\t\t\t\t<\/div>\n\t\t","protected":false},"excerpt":{"rendered":"<p>DIOL Diol est un \u00e9cosyst\u00e8me de surveillance et de maintenance des parcs \u00e9oliens ainsi que des zones portuaires. Le projet [&hellip;]<\/p>\n","protected":false},"author":1,"featured_media":0,"parent":0,"menu_order":0,"comment_status":"closed","ping_status":"closed","template":"","meta":{"site-sidebar-layout":"no-sidebar","site-content-layout":"","ast-site-content-layout":"full-width-container","site-content-style":"default","site-sidebar-style":"default","ast-global-header-display":"","ast-banner-title-visibility":"","ast-main-header-display":"","ast-hfb-above-header-display":"","ast-hfb-below-header-display":"","ast-hfb-mobile-header-display":"","site-post-title":"disabled","ast-breadcrumbs-content":"","ast-featured-img":"disabled","footer-sml-layout":"","ast-disable-related-posts":"","theme-transparent-header-meta":"","adv-header-id-meta":"","stick-header-meta":"","header-above-stick-meta":"","header-main-stick-meta":"","header-below-stick-meta":"","astra-migrate-meta-layouts":"default","ast-page-background-enabled":"default","ast-page-background-meta":{"desktop":{"background-color":"var(--ast-global-color-5)","background-image":"","background-repeat":"repeat","background-position":"center center","background-size":"auto","background-attachment":"scroll","background-type":"","background-media":"","overlay-type":"","overlay-color":"","overlay-opacity":"","overlay-gradient":""},"tablet":{"background-color":"","background-image":"","background-repeat":"repeat","background-position":"center center","background-size":"auto","background-attachment":"scroll","background-type":"","background-media":"","overlay-type":"","overlay-color":"","overlay-opacity":"","overlay-gradient":""},"mobile":{"background-color":"","background-image":"","background-repeat":"repeat","background-position":"center center","background-size":"auto","background-attachment":"scroll","background-type":"","background-media":"","overlay-type":"","overlay-color":"","overlay-opacity":"","overlay-gradient":""}},"ast-content-background-meta":{"desktop":{"background-color":"var(--ast-global-color-4)","background-image":"","background-repeat":"repeat","background-position":"center center","background-size":"auto","background-attachment":"scroll","background-type":"","background-media":"","overlay-type":"","overlay-color":"","overlay-opacity":"","overlay-gradient":""},"tablet":{"background-color":"var(--ast-global-color-4)","background-image":"","background-repeat":"repeat","background-position":"center center","background-size":"auto","background-attachment":"scroll","background-type":"","background-media":"","overlay-type":"","overlay-color":"","overlay-opacity":"","overlay-gradient":""},"mobile":{"background-color":"var(--ast-global-color-4)","background-image":"","background-repeat":"repeat","background-position":"center center","background-size":"auto","background-attachment":"scroll","background-type":"","background-media":"","overlay-type":"","overlay-color":"","overlay-opacity":"","overlay-gradient":""}},"footnotes":""},"class_list":["post-1832","page","type-page","status-publish","hentry"],"_links":{"self":[{"href":"https:\/\/www.h2x-ecosystems.com\/index.php?rest_route=\/wp\/v2\/pages\/1832","targetHints":{"allow":["GET"]}}],"collection":[{"href":"https:\/\/www.h2x-ecosystems.com\/index.php?rest_route=\/wp\/v2\/pages"}],"about":[{"href":"https:\/\/www.h2x-ecosystems.com\/index.php?rest_route=\/wp\/v2\/types\/page"}],"author":[{"embeddable":true,"href":"https:\/\/www.h2x-ecosystems.com\/index.php?rest_route=\/wp\/v2\/users\/1"}],"replies":[{"embeddable":true,"href":"https:\/\/www.h2x-ecosystems.com\/index.php?rest_route=%2Fwp%2Fv2%2Fcomments&post=1832"}],"version-history":[{"count":20,"href":"https:\/\/www.h2x-ecosystems.com\/index.php?rest_route=\/wp\/v2\/pages\/1832\/revisions"}],"predecessor-version":[{"id":4349,"href":"https:\/\/www.h2x-ecosystems.com\/index.php?rest_route=\/wp\/v2\/pages\/1832\/revisions\/4349"}],"wp:attachment":[{"href":"https:\/\/www.h2x-ecosystems.com\/index.php?rest_route=%2Fwp%2Fv2%2Fmedia&parent=1832"}],"curies":[{"name":"wp","href":"https:\/\/api.w.org\/{rel}","templated":true}]}}