{"id":831,"date":"2025-04-15T08:05:10","date_gmt":"2025-04-15T06:05:10","guid":{"rendered":"https:\/\/www.h2x-ecosystems.com\/?page_id=831"},"modified":"2025-07-16T11:52:02","modified_gmt":"2025-07-16T09:52:02","slug":"recrutement","status":"publish","type":"page","link":"https:\/\/www.h2x-ecosystems.com\/?page_id=831","title":{"rendered":"Recrutement"},"content":{"rendered":"\t\t<div data-elementor-type=\"wp-page\" data-elementor-id=\"831\" class=\"elementor elementor-831\" data-elementor-post-type=\"page\">\n\t\t\t\t<div class=\"elementor-element elementor-element-e1e2a5c e-con-full e-flex e-con e-parent\" data-id=\"e1e2a5c\" data-element_type=\"container\" data-e-type=\"container\" data-settings=\"{&quot;background_background&quot;:&quot;classic&quot;}\">\n\t\t\t\t<div class=\"elementor-element elementor-element-534dc28 elementor-widget-mobile__width-inherit elementor-widget elementor-widget-heading\" data-id=\"534dc28\" data-element_type=\"widget\" data-e-type=\"widget\" data-widget_type=\"heading.default\">\n\t\t\t\t<div class=\"elementor-widget-container\">\n\t\t\t\t\t<h2 class=\"elementor-heading-title elementor-size-default\">recrutement<\/h2>\t\t\t\t<\/div>\n\t\t\t\t<\/div>\n\t\t\t\t<\/div>\n\t\t<div class=\"elementor-element elementor-element-82483f1 e-con-full e-flex e-con e-parent\" data-id=\"82483f1\" data-element_type=\"container\" data-e-type=\"container\">\n\t\t\t\t<div class=\"elementor-element elementor-element-c4119be elementor-widget-mobile__width-initial elementor-widget elementor-widget-text-editor\" data-id=\"c4119be\" data-element_type=\"widget\" data-e-type=\"widget\" data-widget_type=\"text-editor.default\">\n\t\t\t\t<div class=\"elementor-widget-container\">\n\t\t\t\t\t\t\t\t\t<p><span style=\"text-decoration: underline;\">REJOIGNEZ H2X-ECOSYSTEMS : CONSTRUISEZ L&rsquo;AVENIR \u00c9NERG\u00c9TIQUE AVEC NOUS.<\/span><\/p>\t\t\t\t\t\t\t\t<\/div>\n\t\t\t\t<\/div>\n\t\t\t\t<\/div>\n\t\t<div class=\"elementor-element elementor-element-c52ab59 e-flex e-con-boxed e-con e-parent\" data-id=\"c52ab59\" data-element_type=\"container\" data-e-type=\"container\">\n\t\t\t\t\t<div class=\"e-con-inner\">\n\t\t\t\t<div class=\"elementor-element elementor-element-bc811b6 elementor-widget elementor-widget-image\" data-id=\"bc811b6\" data-element_type=\"widget\" data-e-type=\"widget\" data-widget_type=\"image.default\">\n\t\t\t\t<div class=\"elementor-widget-container\">\n\t\t\t\t\t\t\t\t\t\t\t\t\t\t\t<img fetchpriority=\"high\" decoding=\"async\" width=\"1024\" height=\"693\" src=\"https:\/\/www.h2x-ecosystems.com\/wp-content\/uploads\/2025\/07\/carte-1024x693.png\" class=\"attachment-large size-large wp-image-3743\" alt=\"\" srcset=\"https:\/\/www.h2x-ecosystems.com\/wp-content\/uploads\/2025\/07\/carte-1024x693.png 1024w, https:\/\/www.h2x-ecosystems.com\/wp-content\/uploads\/2025\/07\/carte-300x203.png 300w, https:\/\/www.h2x-ecosystems.com\/wp-content\/uploads\/2025\/07\/carte-768x520.png 768w, https:\/\/www.h2x-ecosystems.com\/wp-content\/uploads\/2025\/07\/carte-1536x1040.png 1536w, https:\/\/www.h2x-ecosystems.com\/wp-content\/uploads\/2025\/07\/carte-2048x1387.png 2048w\" sizes=\"(max-width: 1024px) 100vw, 1024px\" \/>\t\t\t\t\t\t\t\t\t\t\t\t\t\t\t<\/div>\n\t\t\t\t<\/div>\n\t\t\t\t\t<\/div>\n\t\t\t\t<\/div>\n\t\t<div class=\"elementor-element elementor-element-b8c5cde e-con-full e-flex e-con e-parent\" data-id=\"b8c5cde\" data-element_type=\"container\" data-e-type=\"container\">\n\t\t\t\t<div class=\"elementor-element elementor-element-04d7d4d elementor-widget elementor-widget-text-editor\" data-id=\"04d7d4d\" data-element_type=\"widget\" data-e-type=\"widget\" data-widget_type=\"text-editor.default\">\n\t\t\t\t<div class=\"elementor-widget-container\">\n\t\t\t\t\t\t\t\t\t<p><strong>NOTRE MISSION<\/strong><\/p><p>Chez H2X-Ecosystems, nous concevons des solutions \u00e9nerg\u00e9tiques novatrices pour r\u00e9pondre aux enjeux de la transition \u00e9nerg\u00e9tique. Notre mission est de participer \u00e0 un avenir plus durable en d\u00e9veloppant des syst\u00e8mes \u00e9nerg\u00e9tiques autonomes, s\u00fbrs et respectueux de l\u2019environnement. Nous pla\u00e7ons l\u2019innovation au c\u0153ur de notre activit\u00e9, avec des solutions permettant de renforcer la souverainet\u00e9 \u00e9nerg\u00e9tique des territoires et des entreprises. Nous d\u00e9ployons nos technologies au niveau local, mais \u00e9galement \u00e0 l\u2019international.<\/p><p><strong>NOS VALEURS CL\u00c9S<\/strong><\/p><ul><li><strong>Innovation :<\/strong> Toujours \u00e0 la pointe des nouvelles technologies, nous cherchons \u00e0 r\u00e9volutionner l\u2019approvisionnement \u00e9nerg\u00e9tique avec des solutions durables, adapt\u00e9es aux besoins sp\u00e9cifiques des acteurs \u00e9conomiques.<\/li><li><strong>Excellence :<\/strong> Nous visons l\u2019excellence dans chaque aspect de notre travail en garantissant qualit\u00e9, rigueur et performance dans la conception et la mise en \u0153uvre de nos projets.<\/li><li><strong>Humilit\u00e9 :<\/strong> Conscients des d\u00e9fis de la transition \u00e9nerg\u00e9tique, nous privil\u00e9gions une approche respectueuse des besoins \u00e9nerg\u00e9tiques de nos clients tout en travaillant \u00e0 une meilleure compr\u00e9hension des enjeux \u00e9conomiques et environnementaux. L&rsquo;humilit\u00e9 c\u2019est aussi l\u2019id\u00e9e de progression. Tant pour nos collaborateurs que pour notre entreprise. Nous croyons en la croissance collective et individuelle.<\/li><\/ul><p><strong>POURQUOI CHOISIR H2X-ECOSYSTEMS ?<\/strong><\/p><ul><li>Innover pour un avenir durable : Travaillez dans un secteur dynamique et innovant, o\u00f9 chaque projet a un r\u00e9el impact sur l\u2019environnement.<\/li><li>Participer \u00e0 des projets porteurs de sens : Contribuez \u00e0 la mise en place d\u2019une transition \u00e9nerg\u00e9tique responsable et accessible, en participant \u00e0 des projets ambitieux et diversifi\u00e9s.<\/li><li>\u00c9voluer dans une entreprise agile : Vous serez au c\u0153ur d\u2019un environnement collaboratif o\u00f9 chaque voix est entendue et o\u00f9 vos talents peuvent s\u2019\u00e9panouir.<\/li><\/ul><p><strong>NOTRE ENGAGEMENT POUR UN AVENIR PLUS DURABLE<\/strong><\/p><p>Nous mettons un accent particulier sur :<\/p><ul><li>La promotion de l\u2019emploi local et du d\u00e9veloppement des comp\u00e9tences via l\u2019apprentissage et la formation continue.<\/li><li>La cr\u00e9ation d\u2019un environnement de travail flexible, respectueux des valeurs humaines et propice au d\u00e9veloppement professionnel de chacun.<\/li><li>L\u2019encouragement de l\u2019innovation dans tous nos projets pour contribuer \u00e0 un avenir \u00e9nerg\u00e9tique responsable.<\/li><\/ul>\t\t\t\t\t\t\t\t<\/div>\n\t\t\t\t<\/div>\n\t\t\t\t<\/div>\n\t\t<div class=\"elementor-element elementor-element-295453b e-con-full e-flex e-con e-parent\" data-id=\"295453b\" data-element_type=\"container\" data-e-type=\"container\">\n\t\t\t\t<div class=\"elementor-element elementor-element-1fd66e5 elementor-widget elementor-widget-text-editor\" data-id=\"1fd66e5\" data-element_type=\"widget\" data-e-type=\"widget\" data-widget_type=\"text-editor.default\">\n\t\t\t\t<div class=\"elementor-widget-container\">\n\t\t\t\t\t\t\t\t\t<p><strong style=\"font-size: 16px;\">NOS M\u00c9TIERS<\/strong><\/p><p>Chez H2X-Ecosystems, nous recherchons des profils dans divers domaines :<\/p><ul><li><span style=\"text-decoration: underline;\"><strong>Conception m\u00e9canique et \u00e9lectrique :<\/strong><\/span> Pour concevoir des solutions techniques innovantes adapt\u00e9es aux besoins \u00e9nerg\u00e9tiques sp\u00e9cifiques de chaque acteur \u00e9conomique.<\/li><li><span style=\"text-decoration: underline;\"><strong>Ing\u00e9nierie des syst\u00e8mes \u00e9nerg\u00e9tiques :<\/strong><\/span> D\u00e9velopper des syst\u00e8mes \u00e9nerg\u00e9tiques int\u00e9gr\u00e9s et durables, avec des d\u00e9ploiements \u00e0 l\u2019\u00e9chelle locale et internationale.\u00a0<\/li><li><span style=\"text-decoration: underline;\"><strong>Data science et mod\u00e9lisation \u00e9nerg\u00e9tique :<\/strong> <\/span>Gestion des donn\u00e9es et mod\u00e9lisation des syst\u00e8mes pour optimiser les performances \u00e9nerg\u00e9tiques.<\/li><li><span style=\"text-decoration: underline;\"><strong>R&amp;D et d\u00e9veloppement logiciel :<\/strong><\/span> D\u00e9velopper des outils num\u00e9riques pour optimiser la gestion et la supervision des installations.\u00a0<\/li><li><span style=\"text-decoration: underline;\"><strong>Gestion de projet :<\/strong><\/span> Piloter des projets ambitieux, coordonner les \u00e9quipes et g\u00e9rer les ressources pour assurer la r\u00e9ussite. Vous participerez \u00e0 des projets de grande envergure y compris \u00e0 l&rsquo;international, en coordonnant des \u00e9quipes multiculturelles et en prenant en compte des enjeux divers.<\/li><li><span style=\"text-decoration: underline;\"><strong>Fonctions support :<\/strong><\/span> Participer aux achats, \u00e0 la qualit\u00e9, aux ressources humaines, \u00e0 la gestion de la finance, \u00e0 la communication pour soutenir nos projets.<\/li><\/ul>\t\t\t\t\t\t\t\t<\/div>\n\t\t\t\t<\/div>\n\t\t\t\t<\/div>\n\t\t<div class=\"elementor-element elementor-element-a9b86d0 e-con-full e-flex e-con e-parent\" data-id=\"a9b86d0\" data-element_type=\"container\" data-e-type=\"container\">\n\t\t\t\t<div class=\"elementor-element elementor-element-81bd9c4 elementor-widget elementor-widget-heading\" data-id=\"81bd9c4\" data-element_type=\"widget\" data-e-type=\"widget\" data-widget_type=\"heading.default\">\n\t\t\t\t<div class=\"elementor-widget-container\">\n\t\t\t\t\t<h2 class=\"elementor-heading-title elementor-size-default\">H2X-ECOSYSTEMS RECRUTE !<\/h2>\t\t\t\t<\/div>\n\t\t\t\t<\/div>\n\t\t\t\t<\/div>\n\t\t<div class=\"elementor-element elementor-element-3ebada7 e-con-full e-flex e-con e-parent\" data-id=\"3ebada7\" data-element_type=\"container\" data-e-type=\"container\">\n\t\t\t\t<div class=\"elementor-element elementor-element-a4813c1 elementor-button-info elementor-align-center elementor-widget elementor-widget-button\" data-id=\"a4813c1\" data-element_type=\"widget\" data-e-type=\"widget\" data-widget_type=\"button.default\">\n\t\t\t\t<div class=\"elementor-widget-container\">\n\t\t\t\t\t\t\t\t\t<div class=\"elementor-button-wrapper\">\n\t\t\t\t\t<a class=\"elementor-button elementor-button-link elementor-size-sm\" href=\"https:\/\/www.h2x-ecosystems.com\/?page_id=675\">\n\t\t\t\t\t\t<span class=\"elementor-button-content-wrapper\">\n\t\t\t\t\t\t\t\t\t<span class=\"elementor-button-text\">Candidatures spontan\u00e9es<\/span>\n\t\t\t\t\t<\/span>\n\t\t\t\t\t<\/a>\n\t\t\t\t<\/div>\n\t\t\t\t\t\t\t\t<\/div>\n\t\t\t\t<\/div>\n\t\t\t\t<\/div>\n\t\t<div class=\"elementor-element elementor-element-0b2a9ce e-con-full e-flex e-con e-parent\" data-id=\"0b2a9ce\" data-element_type=\"container\" data-e-type=\"container\">\n\t\t\t\t<div class=\"elementor-element elementor-element-4288776 elementor-widget elementor-widget-text-editor\" data-id=\"4288776\" data-element_type=\"widget\" data-e-type=\"widget\" data-widget_type=\"text-editor.default\">\n\t\t\t\t<div class=\"elementor-widget-container\">\n\t\t\t\t\t\t\t\t\t<p><a href=\"https:\/\/www.h2x-ecosystems.com\/?page_id=2107\">Charte RSE<\/a><\/p>\t\t\t\t\t\t\t\t<\/div>\n\t\t\t\t<\/div>\n\t\t\t\t<\/div>\n\t\t<div class=\"elementor-element elementor-element-2fc3731 e-con-full e-flex e-con e-parent\" data-id=\"2fc3731\" data-element_type=\"container\" data-e-type=\"container\" data-settings=\"{&quot;background_background&quot;:&quot;classic&quot;}\">\n\t\t\t\t<\/div>\n\t\t\t\t<\/div>\n\t\t","protected":false},"excerpt":{"rendered":"<p>recrutement REJOIGNEZ H2X-ECOSYSTEMS : CONSTRUISEZ L&rsquo;AVENIR \u00c9NERG\u00c9TIQUE AVEC NOUS. NOTRE MISSION Chez H2X-Ecosystems, nous concevons des solutions \u00e9nerg\u00e9tiques novatrices pour [&hellip;]<\/p>\n","protected":false},"author":1,"featured_media":0,"parent":0,"menu_order":0,"comment_status":"closed","ping_status":"closed","template":"","meta":{"site-sidebar-layout":"no-sidebar","site-content-layout":"","ast-site-content-layout":"full-width-container","site-content-style":"default","site-sidebar-style":"default","ast-global-header-display":"","ast-banner-title-visibility":"","ast-main-header-display":"","ast-hfb-above-header-display":"","ast-hfb-below-header-display":"","ast-hfb-mobile-header-display":"","site-post-title":"disabled","ast-breadcrumbs-content":"","ast-featured-img":"disabled","footer-sml-layout":"","ast-disable-related-posts":"","theme-transparent-header-meta":"","adv-header-id-meta":"","stick-header-meta":"","header-above-stick-meta":"","header-main-stick-meta":"","header-below-stick-meta":"","astra-migrate-meta-layouts":"default","ast-page-background-enabled":"default","ast-page-background-meta":{"desktop":{"background-color":"var(--ast-global-color-5)","background-image":"","background-repeat":"repeat","background-position":"center center","background-size":"auto","background-attachment":"scroll","background-type":"","background-media":"","overlay-type":"","overlay-color":"","overlay-opacity":"","overlay-gradient":""},"tablet":{"background-color":"","background-image":"","background-repeat":"repeat","background-position":"center center","background-size":"auto","background-attachment":"scroll","background-type":"","background-media":"","overlay-type":"","overlay-color":"","overlay-opacity":"","overlay-gradient":""},"mobile":{"background-color":"","background-image":"","background-repeat":"repeat","background-position":"center center","background-size":"auto","background-attachment":"scroll","background-type":"","background-media":"","overlay-type":"","overlay-color":"","overlay-opacity":"","overlay-gradient":""}},"ast-content-background-meta":{"desktop":{"background-color":"var(--ast-global-color-4)","background-image":"","background-repeat":"repeat","background-position":"center center","background-size":"auto","background-attachment":"scroll","background-type":"","background-media":"","overlay-type":"","overlay-color":"","overlay-opacity":"","overlay-gradient":""},"tablet":{"background-color":"var(--ast-global-color-4)","background-image":"","background-repeat":"repeat","background-position":"center center","background-size":"auto","background-attachment":"scroll","background-type":"","background-media":"","overlay-type":"","overlay-color":"","overlay-opacity":"","overlay-gradient":""},"mobile":{"background-color":"var(--ast-global-color-4)","background-image":"","background-repeat":"repeat","background-position":"center center","background-size":"auto","background-attachment":"scroll","background-type":"","background-media":"","overlay-type":"","overlay-color":"","overlay-opacity":"","overlay-gradient":""}},"footnotes":""},"class_list":["post-831","page","type-page","status-publish","hentry"],"_links":{"self":[{"href":"https:\/\/www.h2x-ecosystems.com\/index.php?rest_route=\/wp\/v2\/pages\/831","targetHints":{"allow":["GET"]}}],"collection":[{"href":"https:\/\/www.h2x-ecosystems.com\/index.php?rest_route=\/wp\/v2\/pages"}],"about":[{"href":"https:\/\/www.h2x-ecosystems.com\/index.php?rest_route=\/wp\/v2\/types\/page"}],"author":[{"embeddable":true,"href":"https:\/\/www.h2x-ecosystems.com\/index.php?rest_route=\/wp\/v2\/users\/1"}],"replies":[{"embeddable":true,"href":"https:\/\/www.h2x-ecosystems.com\/index.php?rest_route=%2Fwp%2Fv2%2Fcomments&post=831"}],"version-history":[{"count":119,"href":"https:\/\/www.h2x-ecosystems.com\/index.php?rest_route=\/wp\/v2\/pages\/831\/revisions"}],"predecessor-version":[{"id":4383,"href":"https:\/\/www.h2x-ecosystems.com\/index.php?rest_route=\/wp\/v2\/pages\/831\/revisions\/4383"}],"wp:attachment":[{"href":"https:\/\/www.h2x-ecosystems.com\/index.php?rest_route=%2Fwp%2Fv2%2Fmedia&parent=831"}],"curies":[{"name":"wp","href":"https:\/\/api.w.org\/{rel}","templated":true}]}}